{"id":3353,"date":"2024-06-21T19:12:58","date_gmt":"2024-06-21T19:12:58","guid":{"rendered":"https:\/\/tamtambour.ch\/?page_id=3353"},"modified":"2024-09-16T19:27:03","modified_gmt":"2024-09-16T19:27:03","slug":"mentions-legales","status":"publish","type":"page","link":"https:\/\/tamtambour.ch\/de\/mentions-legales\/","title":{"rendered":"Impressum"},"content":{"rendered":"<p class=\"has-text-align-center\"><strong>Verantwortliche Instanz:<\/strong><br>Florina Mansani<br>Chemin du Devin 13<br>1012 Lausanne<br>Switzerland<br><strong>E-Mail<\/strong>: info@tamtambour.ch<\/p>\n\n\n\n<p><strong>Haftungsausschluss<\/strong><br><\/p>\n\n\n\n<p>Der Autor \u00fcbernimmt keine Gew\u00e4hr f\u00fcr die Richtigkeit, Genauigkeit, Aktualit\u00e4t, Zuverl\u00e4ssigkeit und Vollst\u00e4ndigkeit der Informationen.<br>Haftungsanspr\u00fcche gegen den Autor wegen Sch\u00e4den materieller oder immaterieller Art, die aus dem Zugriff oder der Nutzung bzw. Nichtnutzung der ver\u00f6ffentlichten Informationen, durch Missbrauch der Verbindung oder durch technische St\u00f6rungen entstanden sind, werden ausgeschlossen.<\/p>\n\n\n\n<p>Alle Angebote sind freibleibend. Der Autor beh\u00e4lt es sich ausdr\u00fccklich vor, Teile der Seiten oder das gesamte Angebot ohne gesonderte Ank\u00fcndigung zu ver\u00e4ndern, zu erg\u00e4nzen, zu l\u00f6schen oder die Ver\u00f6ffentlichung zeitweise oder endg\u00fcltig einzustellen.<\/p>\n\n\n\n<p><strong>Haftungsausschluss f\u00fcr Inhalte und Links<\/strong><br>Verweise und Links auf Webseiten Dritter liegen ausserhalb unseres Verantwortungsbereichs. Es wird jegliche Verantwortung f\u00fcr solche Webseiten abgelehnt. Der Zugriff und die Nutzung solcher Webseiten erfolgen auf eigene Gefahr des jeweiligen Nutzers.<\/p>\n\n\n\n<p><strong>Urheberrechtserkl\u00e4rung<\/strong><br>Die Urheber- und alle anderen Rechte an Inhalten, Bildern, Fotos oder anderen Dateien auf dieser Website, geh\u00f6ren ausschliesslich Hohl Direkt oder den speziell genannten Rechteinhabern. Wir benutzen lizenzfreie Bilder dieser Plattformen: Pexels, Unsplash F\u00fcr die Reproduktion jeglicher Elemente ist die schriftliche Zustimmung des Urheberrechtstr\u00e4gers im Voraus einzuholen.<\/p>\n\n\n\n<p>Wir danken dieser Firma f\u00fcr die wertvolle Hilfe bei der Erstellung dieses Impressums.<\/p>\n\n\n\n<p class=\"has-text-align-center\"> <a href=\"https:\/\/brainbox.swiss\/\">BrainBox Solutions<\/a><\/p>","protected":false},"excerpt":{"rendered":"<p>Instance responsable:Florina MansaniChemin du Devin 131012 LausanneSwitzerlandE-Mail: info@tamtambour.ch Avis de non-responsabilit\u00e9 L&rsquo;auteur ne garantit pas l&rsquo;exactitude, la pr\u00e9cision, l&rsquo;actualit\u00e9, la fiabilit\u00e9 et l&rsquo;exhaustivit\u00e9 des informations.L&rsquo;auteur ne saurait \u00eatre tenu pour responsable des dommages mat\u00e9riels ou immat\u00e9riels qui pourraient \u00eatre caus\u00e9s par l&rsquo;acc\u00e8s aux informations diffus\u00e9es ou par leur utilisation ou non-utilisation, par le mauvais usage&#8230;<\/p>","protected":false},"author":1,"featured_media":0,"parent":0,"menu_order":0,"comment_status":"closed","ping_status":"closed","template":"","meta":{"_kad_blocks_custom_css":"","_kad_blocks_head_custom_js":"","_kad_blocks_body_custom_js":"","_kad_blocks_footer_custom_js":"","_kadence_starter_templates_imported_post":false,"_kad_post_transparent":"default","_kad_post_title":"default","_kad_post_layout":"narrow","_kad_post_sidebar_id":"","_kad_post_content_style":"default","_kad_post_vertical_padding":"show","_kad_post_feature":"default","_kad_post_feature_position":"","_kad_post_header":false,"_kad_post_footer":false,"footnotes":""},"class_list":["post-3353","page","type-page","status-publish","hentry"],"taxonomy_info":[],"featured_image_src_large":false,"author_info":{"display_name":"uzki7","author_link":"https:\/\/tamtambour.ch\/de\/author\/uzki7\/"},"comment_info":0,"_links":{"self":[{"href":"https:\/\/tamtambour.ch\/de\/wp-json\/wp\/v2\/pages\/3353","targetHints":{"allow":["GET"]}}],"collection":[{"href":"https:\/\/tamtambour.ch\/de\/wp-json\/wp\/v2\/pages"}],"about":[{"href":"https:\/\/tamtambour.ch\/de\/wp-json\/wp\/v2\/types\/page"}],"author":[{"embeddable":true,"href":"https:\/\/tamtambour.ch\/de\/wp-json\/wp\/v2\/users\/1"}],"replies":[{"embeddable":true,"href":"https:\/\/tamtambour.ch\/de\/wp-json\/wp\/v2\/comments?post=3353"}],"version-history":[{"count":10,"href":"https:\/\/tamtambour.ch\/de\/wp-json\/wp\/v2\/pages\/3353\/revisions"}],"predecessor-version":[{"id":3459,"href":"https:\/\/tamtambour.ch\/de\/wp-json\/wp\/v2\/pages\/3353\/revisions\/3459"}],"wp:attachment":[{"href":"https:\/\/tamtambour.ch\/de\/wp-json\/wp\/v2\/media?parent=3353"}],"curies":[{"name":"wp","href":"https:\/\/api.w.org\/{rel}","templated":true}]}}